{"id":6325,"date":"2015-07-13T11:16:03","date_gmt":"2015-07-13T09:16:03","guid":{"rendered":"https:\/\/meisi.es\/diseno\/?page_id=6325"},"modified":"2015-12-14T17:16:41","modified_gmt":"2015-12-14T16:16:41","slug":"wordpress-express","status":"publish","type":"page","link":"https:\/\/meisi.es\/diseno\/wordpress-express\/","title":{"rendered":"WordPress Express"},"content":{"rendered":"<p><img loading=\"lazy\" decoding=\"async\" class=\"blogimg\" src=\"https:\/\/meisi.es\/diseno\/wp-content\/uploads\/2015\/07\/MEISI-JUL-2015-header.jpg\" alt=\"MEISI JUL 2015 header\" width=\"1040\" height=\"133\" class=\"alignnone size-full wp-image-6319\" srcset=\"https:\/\/meisi.es\/diseno\/wp-content\/uploads\/2015\/07\/MEISI-JUL-2015-header.jpg 1040w, https:\/\/meisi.es\/diseno\/wp-content\/uploads\/2015\/07\/MEISI-JUL-2015-header-300x38.jpg 300w, https:\/\/meisi.es\/diseno\/wp-content\/uploads\/2015\/07\/MEISI-JUL-2015-header-1024x131.jpg 1024w, https:\/\/meisi.es\/diseno\/wp-content\/uploads\/2015\/07\/MEISI-JUL-2015-header-780x100.jpg 780w\" sizes=\"auto, (max-width: 1040px) 100vw, 1040px\" \/><\/p>\n<div class=\"servcol1\" style=\"float: left; !important\">\n<p class=\"sertit\">WordpPress<br \/>\nExpress<\/p>\n<p class=\"sersubtit\">Si eliges WordPress para crear tu blog o web y le est\u00e1s dando mil vueltas al hosting, al dominio, a qu\u00e9 plantilla elegir, este servicio es para ti. El objetivo es que dejes de preocuparse de esos detalles que de hecho te bloquean y, de mi mano, montemos tu web o blog WordPress, en dos d\u00edas. Lee los testimonios.<\/p>\n<p><img loading=\"lazy\" decoding=\"async\" class=\"blogimg2\" src=\"https:\/\/meisi.es\/diseno\/wp-content\/uploads\/2015\/07\/Blogg-img_03_03.jpg\" alt=\"Blogg-img_03_03\" width=\"499\" height=\"325\" class=\"alignnone size-full wp-image-6326\" srcset=\"https:\/\/meisi.es\/diseno\/wp-content\/uploads\/2015\/07\/Blogg-img_03_03.jpg 499w, https:\/\/meisi.es\/diseno\/wp-content\/uploads\/2015\/07\/Blogg-img_03_03-300x195.jpg 300w\" sizes=\"auto, (max-width: 499px) 100vw, 499px\" \/> <\/p>\n<\/div>\n<div class=\"servcol2\">\n<p class=\"sertext\">\nEl truco es que yo tomo las decisiones que a ti te resultan un mundo. A partir de una reuni\u00f3n, me vas a contar en qu\u00e9 consiste tu web y juntas vamos a crear la estructura necesaria para transmitir lo que necesitas. Mi consejo sobre c\u00f3mo hacerlo de la manera m\u00e1s sencilla pero visualmente m\u00e1s atractiva hacen que todo el trabajo sea fluido.<\/p>\n<p class=\"sertext\">Uso la plantilla Bridge, que como ves <a href=\"http:\/\/themeforest.net\/item\/bridge-creative-multipurpose-wordpress-theme\/7315054\" target=\"_blank\">aqu\u00ed<\/a> tiene una cantidad de funcionalidades, extraordinaria, lo malo es que a solas con ellas resulta muy confuso elegir la m\u00e1s adecuada. Es el tipo de decisiones que me encanta tomar contigo.<\/p>\n<p class=\"sertext1\">El servicio WordPress Express incluye:<\/p>\n<ul class=\"sertextul\">Gu\u00eda e instrucciones sobre el hosting adecuado. En caso de no disponer de uno, te recomendar\u00e9 el que uso en mis webs hace a\u00f1os.<\/ul>\n<ul class=\"sertextul\">Ayuda para comprar el dominio.<\/ul>\n<ul class=\"sertextul\">Una reuni\u00f3n en formato Skype en la que vamos a determinar qu\u00e9 necesitas para que tu web transmita correctamente lo que lleva dentro.<\/ul>\n<ul class=\"sertextul\">Dos jornadas de trabajo intensivas dando forma a Bridge con esas premisas.<\/ul>\n<ul class=\"sertextul\">Para que en ning\u00fan momento tengamos excusas para bloquearnos, los textos ser\u00e1n figurados (falsos), y las im\u00e1genes de banco de im\u00e1genes libres de derechos. No te preocupes, enseguida te explico como convertirlos en los texto e im\u00e1genes reales.<\/ul>\n<ul class=\"sertextul\">Lo ponemos en com\u00fan. Y al acabar el trabajo te entrego un extenso videotutorial en el que te explico como editar todas y cada una de las partes de tu nuevo dise\u00f1o. <\/ul>\n<ul class=\"sertextul\">Tambi\u00e9n te aconsejo sobre la mejor forma de obtener buenas fotos par tu web, algo definitivamente, imprescindible para prolongar en el tiempo el buen aspecto de tu blog o web.<\/ul>\n<div class=\"sertextprec\"><\/div>\n<div class=\"serbutton\"><a style=\"color:#111\" href=\"mailto:hello@meisi.es?Subject=Quiero%20mas%20info%20sobre%20WordPress%20Express\">\u00bfQuieres saber m\u00e1s? HAZ CLICK AQU\u00cd y preg\u00fantame por email<\/a><\/div>\n<p class=\"abiertas\" style=\"letter-spacing: 2px;color: #111;text-align: center !important; sans-serif !important; font-size: 16px !important; line-height: 25px;margin-bottom: 0px !important;margin-top: 40px !important;\">\n<div class=\"test\">\n<p class=\"sertext1\" style=\"margin-top: 54px !important\">ELLAS LO HICIERON<\/p>\n<div class=\"tests\">\n<p class=\"testi\">Me sent\u00eda perdida intentando saber c\u00f3mo quer\u00eda mi site profesional y Meisi supo leer mi mente y dise\u00f1ar exactamente la estructura que yo anhelaba. \u00bfC\u00f3mo lo hizo? Con su experiencia, profesionalidad y buen gusto. Me dio unos empujones para que me sacudiera los temores\u200b propios del comienzo de cualquier negocio y me dijo que para ser perfecta ya habr\u00eda tiempo; que ahora necesitaba echar a andar.<br \/>\nTrabajar con ella ha sido un lujazo. Por un lado, model\u00f3 la plantilla de mi flamante y nueva web en wordpress, Laube Leal, y me dio muchas herramientas para batallar con los inicios de \u200bmi nueva actividad. Por otro lado, trabaj\u00f3 seriamente y dentro de los plazos, cosa que para m\u00ed es muy importante y que honra a\u00fan m\u00e1s su trabajo.<br \/>\nRecomiendo sus servicios al cien por cien y espero que, en alg\u00fan momento, podamos hacer algo m\u00e1s juntas.<\/p>\n<p><strong><\/p>\n<p class=\"testi\">Laube Leal <\/p>\n<p><\/strong>\n<\/div>\n<div class=\"tests\">\n<p class=\"testi\">Cuando decid\u00ed que quer\u00eda una nueva web para dar a conocer mi trabajo, desde el principio lo tuve claro: &#8220;Meisi ser\u00e1 la persona que me ayudar\u00e1 a dise\u00f1ar mi nueva web. Es muy pr\u00e1ctica, cuida al m\u00e1ximo todos los detalles, hace f\u00e1cil lo dif\u00edcil, sencillo lo complicado, y siempre est\u00e1 dispuesta a asesorarte y ayudarte. Tiene estilo propio y un gusto exquisito para dise\u00f1ar. Los tonos que utiliza, las tipograf\u00edas, los dise\u00f1os de los banners, los logotipos, todo lo que hace es simplemente precioso. Acert\u00e9 en mi elecci\u00f3n, sab\u00eda que con ella de la mano conseguir\u00eda mi objetivo. Meisi es tu elecci\u00f3n perfecta para lograr una web preciosa con una imagen muy profesional.<\/p>\n<p><strong><\/p>\n<p class=\"testi\">F\u00e1tima G\u00f3mez<\/p>\n<p><\/strong>\n<\/div>\n<\/div>\n<\/div>\n","protected":false},"excerpt":{"rendered":"<p>WordpPress Express Si eliges WordPress para crear tu blog o web y le est\u00e1s dando mil vueltas al hosting, al dominio, a qu\u00e9 plantilla elegir, este servicio es para ti. El objetivo es que dejes de preocuparse de esos detalles que de hecho te bloquean&#8230;<\/p>\n","protected":false},"author":2,"featured_media":0,"parent":0,"menu_order":0,"comment_status":"open","ping_status":"open","template":"","meta":{"_monsterinsights_skip_tracking":false,"_monsterinsights_sitenote_active":false,"_monsterinsights_sitenote_note":"","_monsterinsights_sitenote_category":0,"footnotes":""},"class_list":["post-6325","page","type-page","status-publish","hentry"],"yoast_head":"<!-- This site is optimized with the Yoast SEO plugin v26.3 - https:\/\/yoast.com\/wordpress\/plugins\/seo\/ -->\n<title>WordPress Express - Meisi<\/title>\n<meta name=\"robots\" content=\"index, follow, max-snippet:-1, max-image-preview:large, max-video-preview:-1\" \/>\n<link rel=\"canonical\" href=\"https:\/\/meisi.es\/diseno\/wordpress-express\/\" \/>\n<meta property=\"og:locale\" content=\"es_ES\" \/>\n<meta property=\"og:type\" content=\"article\" \/>\n<meta property=\"og:title\" content=\"WordPress Express - Meisi\" \/>\n<meta property=\"og:description\" content=\"WordpPress Express Si eliges WordPress para crear tu blog o web y le est\u00e1s dando mil vueltas al hosting, al dominio, a qu\u00e9 plantilla elegir, este servicio es para ti. El objetivo es que dejes de preocuparse de esos detalles que de hecho te bloquean...\" \/>\n<meta property=\"og:url\" content=\"https:\/\/meisi.es\/diseno\/wordpress-express\/\" \/>\n<meta property=\"og:site_name\" content=\"Meisi\" \/>\n<meta property=\"article:modified_time\" content=\"2015-12-14T16:16:41+00:00\" \/>\n<meta property=\"og:image\" content=\"https:\/\/meisi.es\/diseno\/wp-content\/uploads\/2015\/07\/MEISI-JUL-2015-header.jpg\" \/>\n<meta name=\"twitter:label1\" content=\"Tiempo de lectura\" \/>\n\t<meta name=\"twitter:data1\" content=\"3 minutos\" \/>\n<script type=\"application\/ld+json\" class=\"yoast-schema-graph\">{\"@context\":\"https:\/\/schema.org\",\"@graph\":[{\"@type\":\"WebPage\",\"@id\":\"https:\/\/meisi.es\/diseno\/wordpress-express\/\",\"url\":\"https:\/\/meisi.es\/diseno\/wordpress-express\/\",\"name\":\"WordPress Express - Meisi\",\"isPartOf\":{\"@id\":\"https:\/\/meisi.es\/diseno\/#website\"},\"primaryImageOfPage\":{\"@id\":\"https:\/\/meisi.es\/diseno\/wordpress-express\/#primaryimage\"},\"image\":{\"@id\":\"https:\/\/meisi.es\/diseno\/wordpress-express\/#primaryimage\"},\"thumbnailUrl\":\"https:\/\/meisi.es\/diseno\/wp-content\/uploads\/2015\/07\/MEISI-JUL-2015-header.jpg\",\"datePublished\":\"2015-07-13T09:16:03+00:00\",\"dateModified\":\"2015-12-14T16:16:41+00:00\",\"inLanguage\":\"es\",\"potentialAction\":[{\"@type\":\"ReadAction\",\"target\":[\"https:\/\/meisi.es\/diseno\/wordpress-express\/\"]}]},{\"@type\":\"ImageObject\",\"inLanguage\":\"es\",\"@id\":\"https:\/\/meisi.es\/diseno\/wordpress-express\/#primaryimage\",\"url\":\"https:\/\/meisi.es\/diseno\/wp-content\/uploads\/2015\/07\/MEISI-JUL-2015-header.jpg\",\"contentUrl\":\"https:\/\/meisi.es\/diseno\/wp-content\/uploads\/2015\/07\/MEISI-JUL-2015-header.jpg\",\"width\":1040,\"height\":133},{\"@type\":\"WebSite\",\"@id\":\"https:\/\/meisi.es\/diseno\/#website\",\"url\":\"https:\/\/meisi.es\/diseno\/\",\"name\":\"Meisi\",\"description\":\"Recursos de dise\u00f1o para bloggers\",\"potentialAction\":[{\"@type\":\"SearchAction\",\"target\":{\"@type\":\"EntryPoint\",\"urlTemplate\":\"https:\/\/meisi.es\/diseno\/?s={search_term_string}\"},\"query-input\":{\"@type\":\"PropertyValueSpecification\",\"valueRequired\":true,\"valueName\":\"search_term_string\"}}],\"inLanguage\":\"es\"}]}<\/script>\n<!-- \/ Yoast SEO plugin. -->","yoast_head_json":{"title":"WordPress Express - Meisi","robots":{"index":"index","follow":"follow","max-snippet":"max-snippet:-1","max-image-preview":"max-image-preview:large","max-video-preview":"max-video-preview:-1"},"canonical":"https:\/\/meisi.es\/diseno\/wordpress-express\/","og_locale":"es_ES","og_type":"article","og_title":"WordPress Express - Meisi","og_description":"WordpPress Express Si eliges WordPress para crear tu blog o web y le est\u00e1s dando mil vueltas al hosting, al dominio, a qu\u00e9 plantilla elegir, este servicio es para ti. El objetivo es que dejes de preocuparse de esos detalles que de hecho te bloquean...","og_url":"https:\/\/meisi.es\/diseno\/wordpress-express\/","og_site_name":"Meisi","article_modified_time":"2015-12-14T16:16:41+00:00","og_image":[{"url":"https:\/\/meisi.es\/diseno\/wp-content\/uploads\/2015\/07\/MEISI-JUL-2015-header.jpg","type":"","width":"","height":""}],"twitter_misc":{"Tiempo de lectura":"3 minutos"},"schema":{"@context":"https:\/\/schema.org","@graph":[{"@type":"WebPage","@id":"https:\/\/meisi.es\/diseno\/wordpress-express\/","url":"https:\/\/meisi.es\/diseno\/wordpress-express\/","name":"WordPress Express - Meisi","isPartOf":{"@id":"https:\/\/meisi.es\/diseno\/#website"},"primaryImageOfPage":{"@id":"https:\/\/meisi.es\/diseno\/wordpress-express\/#primaryimage"},"image":{"@id":"https:\/\/meisi.es\/diseno\/wordpress-express\/#primaryimage"},"thumbnailUrl":"https:\/\/meisi.es\/diseno\/wp-content\/uploads\/2015\/07\/MEISI-JUL-2015-header.jpg","datePublished":"2015-07-13T09:16:03+00:00","dateModified":"2015-12-14T16:16:41+00:00","inLanguage":"es","potentialAction":[{"@type":"ReadAction","target":["https:\/\/meisi.es\/diseno\/wordpress-express\/"]}]},{"@type":"ImageObject","inLanguage":"es","@id":"https:\/\/meisi.es\/diseno\/wordpress-express\/#primaryimage","url":"https:\/\/meisi.es\/diseno\/wp-content\/uploads\/2015\/07\/MEISI-JUL-2015-header.jpg","contentUrl":"https:\/\/meisi.es\/diseno\/wp-content\/uploads\/2015\/07\/MEISI-JUL-2015-header.jpg","width":1040,"height":133},{"@type":"WebSite","@id":"https:\/\/meisi.es\/diseno\/#website","url":"https:\/\/meisi.es\/diseno\/","name":"Meisi","description":"Recursos de dise\u00f1o para bloggers","potentialAction":[{"@type":"SearchAction","target":{"@type":"EntryPoint","urlTemplate":"https:\/\/meisi.es\/diseno\/?s={search_term_string}"},"query-input":{"@type":"PropertyValueSpecification","valueRequired":true,"valueName":"search_term_string"}}],"inLanguage":"es"}]}},"_links":{"self":[{"href":"https:\/\/meisi.es\/diseno\/wp-json\/wp\/v2\/pages\/6325","targetHints":{"allow":["GET"]}}],"collection":[{"href":"https:\/\/meisi.es\/diseno\/wp-json\/wp\/v2\/pages"}],"about":[{"href":"https:\/\/meisi.es\/diseno\/wp-json\/wp\/v2\/types\/page"}],"author":[{"embeddable":true,"href":"https:\/\/meisi.es\/diseno\/wp-json\/wp\/v2\/users\/2"}],"replies":[{"embeddable":true,"href":"https:\/\/meisi.es\/diseno\/wp-json\/wp\/v2\/comments?post=6325"}],"version-history":[{"count":5,"href":"https:\/\/meisi.es\/diseno\/wp-json\/wp\/v2\/pages\/6325\/revisions"}],"predecessor-version":[{"id":6710,"href":"https:\/\/meisi.es\/diseno\/wp-json\/wp\/v2\/pages\/6325\/revisions\/6710"}],"wp:attachment":[{"href":"https:\/\/meisi.es\/diseno\/wp-json\/wp\/v2\/media?parent=6325"}],"curies":[{"name":"wp","href":"https:\/\/api.w.org\/{rel}","templated":true}]}}