{"id":9302,"date":"2017-01-23T18:29:29","date_gmt":"2017-01-23T17:29:29","guid":{"rendered":"https:\/\/meisi.es\/diseno\/?page_id=9302"},"modified":"2018-11-05T17:16:51","modified_gmt":"2018-11-05T16:16:51","slug":"cursos","status":"publish","type":"page","link":"https:\/\/meisi.es\/diseno\/cursos\/","title":{"rendered":"cursos"},"content":{"rendered":"<p>[vc_row css_animation=&#8221;&#8221; row_type=&#8221;row&#8221; use_row_as_full_screen_section=&#8221;no&#8221; type=&#8221;grid&#8221; angled_section=&#8221;no&#8221; text_align=&#8221;left&#8221; background_image_as_pattern=&#8221;without_pattern&#8221; el_id=&#8221;parrafo1&#8243;][vc_column width=&#8221;1\/6&#8243;][\/vc_column][vc_column width=&#8221;2\/3&#8243;][vc_column_text el_class=&#8221;meisistyle&#8221;]<\/p>\n<p style=\"text-align: center;\">Cursos de dise\u00f1o<\/p>\n<p>[\/vc_column_text][vc_column_text el_class=&#8221;parrafitos&#8221;]<\/p>\n<p style=\"text-align: center;\">Creados con mucho cuidado a partir de m\u00e1s de 20 a\u00f1os de experiencia en dise\u00f1o<br \/>\ngr\u00e1fico, mis cursos son online, los puedes hacer cuando los necesites porque no caducan<br \/>\ny tienen asistencia mensual. Entra y lee sobre cada uno.<\/p>\n<p>[\/vc_column_text][\/vc_column][vc_column width=&#8221;1\/6&#8243;][\/vc_column][\/vc_row][vc_row css_animation=&#8221;&#8221; row_type=&#8221;row&#8221; use_row_as_full_screen_section=&#8221;no&#8221; type=&#8221;full_width&#8221; angled_section=&#8221;no&#8221; text_align=&#8221;left&#8221; background_image_as_pattern=&#8221;without_pattern&#8221; el_id=&#8221;fila&#8221; css=&#8221;.vc_custom_1485257623635{margin-top: 60px !important;}&#8221;][vc_column width=&#8221;1\/3&#8243;][vc_row_inner row_type=&#8221;row&#8221; type=&#8221;full_width&#8221; text_align=&#8221;center&#8221; css_animation=&#8221;&#8221; css=&#8221;.vc_custom_1485241111166{background-color: #f3f1ef !important;}&#8221; el_id=&#8221;caja&#8221;][vc_column_inner][vc_column_text el_class=&#8221;curosonline&#8221;]CURSO ONLINE[\/vc_column_text][vc_column_text el_class=&#8221;nombrecurso&#8221;]<a href=\"\/\/meisi.es\/diseno\/curso-photoshop-info\/\" target=\"_blank\" rel=\"noopener noreferrer\">Photoshop para dise\u00f1o gr\u00e1fico<\/a>[\/vc_column_text][vc_column_text el_class=&#8221;curosonlinefec&#8221;]CURSO DISPONIBLE[\/vc_column_text][\/vc_column_inner][\/vc_row_inner][vc_single_image image=&#8221;9309&#8243; img_size=&#8221;full&#8221; alignment=&#8221;center&#8221; onclick=&#8221;custom_link&#8221; img_link_target=&#8221;_blank&#8221; qode_css_animation=&#8221;&#8221; link=&#8221;\/\/meisi.es\/diseno\/curso-photoshop-info\/&#8221;][\/vc_column][vc_column width=&#8221;1\/3&#8243;][vc_row_inner row_type=&#8221;row&#8221; type=&#8221;full_width&#8221; text_align=&#8221;center&#8221; css_animation=&#8221;&#8221; css=&#8221;.vc_custom_1485241516100{background-color: #f9f8f7 !important;}&#8221; el_id=&#8221;caja&#8221;][vc_column_inner][vc_column_text el_class=&#8221;curosonline&#8221;]CURSO ONLINE[\/vc_column_text][vc_column_text el_class=&#8221;nombrecurso&#8221;]<a href=\"\/\/meisi.es\/diseno\/curso-marketing-y-diseno-marca-personal-info\/\" target=\"_blank\" rel=\"noopener noreferrer\">Dise\u00f1o de marca personal<\/a>[\/vc_column_text][vc_column_text el_class=&#8221;mas&#8221;]<a href=\"\/\/meisi.es\/diseno\/curso-marketing-y-diseno-marca-personal-info\/\" target=\"_blank\" rel=\"noopener noreferrer\">DISE\u00d1O<br \/>\n+<br \/>\nMARKETING<br \/>\n<\/a>[\/vc_column_text][vc_column_text el_class=&#8221;curosonlinefec&#8221;]INSCRIPCIONES DEL 11 AL 17 DE NOVIEMBRE[\/vc_column_text][\/vc_column_inner][\/vc_row_inner][vc_single_image image=&#8221;9308&#8243; img_size=&#8221;357 \u00d7 364&#8243; alignment=&#8221;center&#8221; onclick=&#8221;custom_link&#8221; img_link_target=&#8221;_blank&#8221; qode_css_animation=&#8221;&#8221; link=&#8221;\/\/meisi.es\/diseno\/curso-marketing-y-diseno-marca-personal-info\/&#8221;][\/vc_column][vc_column width=&#8221;1\/3&#8243;][vc_row_inner row_type=&#8221;row&#8221; type=&#8221;full_width&#8221; text_align=&#8221;center&#8221; css_animation=&#8221;&#8221; el_id=&#8221;caja&#8221; css=&#8221;.vc_custom_1485241328001{background-color: #f5f2f0 !important;}&#8221;][vc_column_inner][vc_column_text el_class=&#8221;curosonline&#8221;]CURSO ONLINE[\/vc_column_text][vc_column_text el_class=&#8221;nombrecurso&#8221;]<a href=\"\/\/meisi.es\/diseno\/curso-diseno-materiales-impresos-y-digitales-info\/\" target=\"_blank\" rel=\"noopener noreferrer\">Dise\u00f1o de materiales impresos y digitales<\/a>[\/vc_column_text][vc_column_text el_class=&#8221;curosonlinefec&#8221;]CURSO DISPONIBLE[\/vc_column_text][\/vc_column_inner][\/vc_row_inner][vc_single_image image=&#8221;9306&#8243; img_size=&#8221;357 \u00d7 364&#8243; alignment=&#8221;center&#8221; onclick=&#8221;custom_link&#8221; img_link_target=&#8221;_blank&#8221; qode_css_animation=&#8221;&#8221; link=&#8221;\/\/meisi.es\/diseno\/curso-diseno-materiales-impresos-y-digitales-info\/&#8221;][\/vc_column][\/vc_row][vc_row css_animation=&#8221;&#8221; row_type=&#8221;row&#8221; use_row_as_full_screen_section=&#8221;no&#8221; type=&#8221;full_width&#8221; angled_section=&#8221;no&#8221; text_align=&#8221;left&#8221; background_image_as_pattern=&#8221;without_pattern&#8221; el_id=&#8221;fila&#8221; css=&#8221;.vc_custom_1485244554785{margin-top: 14px !important;}&#8221;][vc_column width=&#8221;1\/3&#8243;][vc_row_inner row_type=&#8221;row&#8221; type=&#8221;full_width&#8221; text_align=&#8221;center&#8221; css_animation=&#8221;&#8221; css=&#8221;.vc_custom_1485247010554{background-color: #e2e2e4 !important;}&#8221; el_id=&#8221;caja&#8221;][vc_column_inner][vc_column_text el_class=&#8221;curosonline&#8221;]CURSO ONLINE[\/vc_column_text][vc_column_text el_class=&#8221;nombrecurso&#8221;]<a href=\"\/\/meisi.es\/diseno\/curso-diseno-publicaciones-online-info\/\" target=\"_blank\" rel=\"noopener noreferrer\">Dise\u00f1o de publicaciones<br \/>\nonline<\/a>[\/vc_column_text][vc_column_text el_class=&#8221;curosonlinefec&#8221;]CURSO DISPONIBLE[\/vc_column_text][\/vc_column_inner][\/vc_row_inner][vc_single_image image=&#8221;9326&#8243; img_size=&#8221;357 \u00d7 364&#8243; alignment=&#8221;center&#8221; onclick=&#8221;custom_link&#8221; img_link_target=&#8221;_blank&#8221; qode_css_animation=&#8221;&#8221; link=&#8221;\/\/meisi.es\/diseno\/curso-diseno-publicaciones-online-info\/&#8221;][\/vc_column][vc_column width=&#8221;1\/3&#8243;][vc_row_inner row_type=&#8221;row&#8221; type=&#8221;full_width&#8221; text_align=&#8221;center&#8221; css_animation=&#8221;&#8221; css=&#8221;.vc_custom_1485241527475{background-color: #ffffff !important;}&#8221; el_id=&#8221;caja&#8221;][vc_column_inner][vc_column_text el_class=&#8221;curosonline&#8221;]CURSO ONLINE[\/vc_column_text][vc_column_text el_class=&#8221;nombrecurso&#8221;]<a href=\"\/\/meisi.es\/diseno\/curso-diseno-marca-personal-info\/\" target=\"_blank\" rel=\"noopener noreferrer\">Dise\u00f1o de marca personal<\/a>[\/vc_column_text][vc_column_text el_class=&#8221;mas&#8221;]<a href=\"\/\/meisi.es\/diseno\/curso-diseno-marca-personal-info\/\" target=\"_blank\" rel=\"noopener noreferrer\">DISE\u00d1O<\/a>[\/vc_column_text][vc_column_text el_class=&#8221;curosonlinefec&#8221;]CURSO DISPONIBLE[\/vc_column_text][\/vc_column_inner][\/vc_row_inner][vc_single_image image=&#8221;9307&#8243; img_size=&#8221;357 \u00d7 364&#8243; alignment=&#8221;center&#8221; onclick=&#8221;custom_link&#8221; img_link_target=&#8221;_blank&#8221; qode_css_animation=&#8221;&#8221; link=&#8221;\/\/meisi.es\/diseno\/curso-diseno-marca-personal-info\/&#8221;][\/vc_column][vc_column width=&#8221;1\/3&#8243;][\/vc_column][\/vc_row][vc_row css_animation=&#8221;&#8221; row_type=&#8221;row&#8221; use_row_as_full_screen_section=&#8221;no&#8221; type=&#8221;full_width&#8221; angled_section=&#8221;no&#8221; text_align=&#8221;left&#8221; background_image_as_pattern=&#8221;without_pattern&#8221;][vc_column][vc_empty_space height=&#8221;200px&#8221;][\/vc_column][\/vc_row][vc_row css_animation=&#8221;&#8221; row_type=&#8221;row&#8221; use_row_as_full_screen_section=&#8221;no&#8221; type=&#8221;full_width&#8221; angled_section=&#8221;no&#8221; text_align=&#8221;left&#8221; background_image_as_pattern=&#8221;without_pattern&#8221;][vc_column][vc_column_text]<\/p>\n<p>&nbsp;<\/p>\n<p>[\/vc_column_text][\/vc_column][\/vc_row]<\/p>\n","protected":false},"excerpt":{"rendered":"<p>[vc_row css_animation=&#8221;&#8221; row_type=&#8221;row&#8221; use_row_as_full_screen_section=&#8221;no&#8221; type=&#8221;grid&#8221; angled_section=&#8221;no&#8221; text_align=&#8221;left&#8221; background_image_as_pattern=&#8221;without_pattern&#8221; el_id=&#8221;parrafo1&#8243;][vc_column width=&#8221;1\/6&#8243;][\/vc_column][vc_column width=&#8221;2\/3&#8243;][vc_column_text el_class=&#8221;meisistyle&#8221;] Cursos de dise\u00f1o [\/vc_column_text][vc_column_text el_class=&#8221;parrafitos&#8221;] Creados con mucho cuidado a partir de m\u00e1s de 20 a\u00f1os de experiencia en dise\u00f1o gr\u00e1fico, mis cursos son online, los puedes hacer cuando los necesites porque no&#8230;<\/p>\n","protected":false},"author":2,"featured_media":0,"parent":0,"menu_order":0,"comment_status":"closed","ping_status":"closed","template":"","meta":{"_monsterinsights_skip_tracking":false,"_monsterinsights_sitenote_active":false,"_monsterinsights_sitenote_note":"","_monsterinsights_sitenote_category":0,"footnotes":""},"class_list":["post-9302","page","type-page","status-publish","hentry"],"yoast_head":"<!-- This site is optimized with the Yoast SEO plugin v26.3 - https:\/\/yoast.com\/wordpress\/plugins\/seo\/ -->\n<title>cursos - Meisi<\/title>\n<meta name=\"robots\" content=\"index, follow, max-snippet:-1, max-image-preview:large, max-video-preview:-1\" \/>\n<link rel=\"canonical\" href=\"https:\/\/meisi.es\/diseno\/cursos\/\" \/>\n<meta property=\"og:locale\" content=\"es_ES\" \/>\n<meta property=\"og:type\" content=\"article\" \/>\n<meta property=\"og:title\" content=\"cursos - Meisi\" \/>\n<meta property=\"og:description\" content=\"[vc_row css_animation=&#8221;&#8221; row_type=&#8221;row&#8221; use_row_as_full_screen_section=&#8221;no&#8221; type=&#8221;grid&#8221; angled_section=&#8221;no&#8221; text_align=&#8221;left&#8221; background_image_as_pattern=&#8221;without_pattern&#8221; el_id=&#8221;parrafo1&#8243;][vc_column width=&#8221;1\/6&#8243;][\/vc_column][vc_column width=&#8221;2\/3&#8243;][vc_column_text el_class=&#8221;meisistyle&#8221;] Cursos de dise\u00f1o [\/vc_column_text][vc_column_text el_class=&#8221;parrafitos&#8221;] Creados con mucho cuidado a partir de m\u00e1s de 20 a\u00f1os de experiencia en dise\u00f1o gr\u00e1fico, mis cursos son online, los puedes hacer cuando los necesites porque no...\" \/>\n<meta property=\"og:url\" content=\"https:\/\/meisi.es\/diseno\/cursos\/\" \/>\n<meta property=\"og:site_name\" content=\"Meisi\" \/>\n<meta property=\"article:modified_time\" content=\"2018-11-05T16:16:51+00:00\" \/>\n<meta name=\"twitter:label1\" content=\"Tiempo de lectura\" \/>\n\t<meta name=\"twitter:data1\" content=\"4 minutos\" \/>\n<script type=\"application\/ld+json\" class=\"yoast-schema-graph\">{\"@context\":\"https:\/\/schema.org\",\"@graph\":[{\"@type\":\"WebPage\",\"@id\":\"https:\/\/meisi.es\/diseno\/cursos\/\",\"url\":\"https:\/\/meisi.es\/diseno\/cursos\/\",\"name\":\"cursos - Meisi\",\"isPartOf\":{\"@id\":\"https:\/\/meisi.es\/diseno\/#website\"},\"datePublished\":\"2017-01-23T17:29:29+00:00\",\"dateModified\":\"2018-11-05T16:16:51+00:00\",\"inLanguage\":\"es\",\"potentialAction\":[{\"@type\":\"ReadAction\",\"target\":[\"https:\/\/meisi.es\/diseno\/cursos\/\"]}]},{\"@type\":\"WebSite\",\"@id\":\"https:\/\/meisi.es\/diseno\/#website\",\"url\":\"https:\/\/meisi.es\/diseno\/\",\"name\":\"Meisi\",\"description\":\"Recursos de dise\u00f1o para bloggers\",\"potentialAction\":[{\"@type\":\"SearchAction\",\"target\":{\"@type\":\"EntryPoint\",\"urlTemplate\":\"https:\/\/meisi.es\/diseno\/?s={search_term_string}\"},\"query-input\":{\"@type\":\"PropertyValueSpecification\",\"valueRequired\":true,\"valueName\":\"search_term_string\"}}],\"inLanguage\":\"es\"}]}<\/script>\n<!-- \/ Yoast SEO plugin. -->","yoast_head_json":{"title":"cursos - Meisi","robots":{"index":"index","follow":"follow","max-snippet":"max-snippet:-1","max-image-preview":"max-image-preview:large","max-video-preview":"max-video-preview:-1"},"canonical":"https:\/\/meisi.es\/diseno\/cursos\/","og_locale":"es_ES","og_type":"article","og_title":"cursos - Meisi","og_description":"[vc_row css_animation=&#8221;&#8221; row_type=&#8221;row&#8221; use_row_as_full_screen_section=&#8221;no&#8221; type=&#8221;grid&#8221; angled_section=&#8221;no&#8221; text_align=&#8221;left&#8221; background_image_as_pattern=&#8221;without_pattern&#8221; el_id=&#8221;parrafo1&#8243;][vc_column width=&#8221;1\/6&#8243;][\/vc_column][vc_column width=&#8221;2\/3&#8243;][vc_column_text el_class=&#8221;meisistyle&#8221;] Cursos de dise\u00f1o [\/vc_column_text][vc_column_text el_class=&#8221;parrafitos&#8221;] Creados con mucho cuidado a partir de m\u00e1s de 20 a\u00f1os de experiencia en dise\u00f1o gr\u00e1fico, mis cursos son online, los puedes hacer cuando los necesites porque no...","og_url":"https:\/\/meisi.es\/diseno\/cursos\/","og_site_name":"Meisi","article_modified_time":"2018-11-05T16:16:51+00:00","twitter_misc":{"Tiempo de lectura":"4 minutos"},"schema":{"@context":"https:\/\/schema.org","@graph":[{"@type":"WebPage","@id":"https:\/\/meisi.es\/diseno\/cursos\/","url":"https:\/\/meisi.es\/diseno\/cursos\/","name":"cursos - Meisi","isPartOf":{"@id":"https:\/\/meisi.es\/diseno\/#website"},"datePublished":"2017-01-23T17:29:29+00:00","dateModified":"2018-11-05T16:16:51+00:00","inLanguage":"es","potentialAction":[{"@type":"ReadAction","target":["https:\/\/meisi.es\/diseno\/cursos\/"]}]},{"@type":"WebSite","@id":"https:\/\/meisi.es\/diseno\/#website","url":"https:\/\/meisi.es\/diseno\/","name":"Meisi","description":"Recursos de dise\u00f1o para bloggers","potentialAction":[{"@type":"SearchAction","target":{"@type":"EntryPoint","urlTemplate":"https:\/\/meisi.es\/diseno\/?s={search_term_string}"},"query-input":{"@type":"PropertyValueSpecification","valueRequired":true,"valueName":"search_term_string"}}],"inLanguage":"es"}]}},"_links":{"self":[{"href":"https:\/\/meisi.es\/diseno\/wp-json\/wp\/v2\/pages\/9302","targetHints":{"allow":["GET"]}}],"collection":[{"href":"https:\/\/meisi.es\/diseno\/wp-json\/wp\/v2\/pages"}],"about":[{"href":"https:\/\/meisi.es\/diseno\/wp-json\/wp\/v2\/types\/page"}],"author":[{"embeddable":true,"href":"https:\/\/meisi.es\/diseno\/wp-json\/wp\/v2\/users\/2"}],"replies":[{"embeddable":true,"href":"https:\/\/meisi.es\/diseno\/wp-json\/wp\/v2\/comments?post=9302"}],"version-history":[{"count":9,"href":"https:\/\/meisi.es\/diseno\/wp-json\/wp\/v2\/pages\/9302\/revisions"}],"predecessor-version":[{"id":23562,"href":"https:\/\/meisi.es\/diseno\/wp-json\/wp\/v2\/pages\/9302\/revisions\/23562"}],"wp:attachment":[{"href":"https:\/\/meisi.es\/diseno\/wp-json\/wp\/v2\/media?parent=9302"}],"curies":[{"name":"wp","href":"https:\/\/api.w.org\/{rel}","templated":true}]}}