{"id":9700,"date":"2017-02-15T20:15:19","date_gmt":"2017-02-15T19:15:19","guid":{"rendered":"https:\/\/meisi.es\/diseno\/mi-cuenta\/"},"modified":"2018-11-21T13:47:36","modified_gmt":"2018-11-21T12:47:36","slug":"mi-cuenta","status":"publish","type":"page","link":"https:\/\/meisi.es\/diseno\/mi-cuenta\/","title":{"rendered":"Mi cuenta"},"content":{"rendered":"<p>[vc_row css_animation=&#8221;&#8221; row_type=&#8221;row&#8221; use_row_as_full_screen_section=&#8221;no&#8221; type=&#8221;full_width&#8221; angled_section=&#8221;no&#8221; text_align=&#8221;left&#8221; background_image_as_pattern=&#8221;without_pattern&#8221;][vc_column][vc_column_text]<\/p>\n<div class=\"texto-mi-cuenta\">\n<h3>Bienvenida<\/h3>\n<div class=\"botton\"><a href=\"\/\/meisi.es\/diseno\/meisi-club\/\">ENTRAR A MEISI CLUB<\/a><\/div>\n<p>&nbsp;<\/p>\n<div class=\"botton\"><a href=\"\/\/meisi.es\/diseno\/meisi-club-essential-collection-emprender-1\/\">ENTRAR A ESSENTIAL COLLECTION &#8211; EMPRENDER<\/a><\/div>\n<div class=\"botton\"><a href=\"\/\/meisi.es\/diseno\/meisi-club-essential-collection-disenar-1\/\">ENTRAR A ESSENTIAL COLLECTION &#8211; DISE\u00d1AR<\/a><\/div>\n<div class=\"botton\"><a href=\"\/\/meisi.es\/diseno\/meisi-club-essential-collection-amantes-del-diseno-1\/\">ENTRAR A ESSENTIAL COLLECTION &#8211; AMANTES DEL DISE\u00d1O<\/a><\/div>\n<p>&nbsp;<\/p>\n<div class=\"botton\"><a href=\"http:\/\/facturas.meisi.es\" target=\"_blank\" rel=\"noopener\">DESCARGAR FACTURAS<\/a><\/div>\n<p>Para acceder f\u00e1cilmente cada d\u00eda te recomiendo que guardes la p\u00e1gina para entrar directo.<br \/>\nCuando no est\u00e9s\u00a0registrada, entra de nuevo a trav\u00e9s de ACCEDER, en la esquina\u00a0derecha superior de <a href=\"https:\/\/meisi.es\">meisi.es<\/a><\/p>\n<\/div>\n<p>&nbsp;<\/p>\n<p><strong style=\"font-size: 14px;\">C\u00d3MO CANCELAR TU SUSCRIPCI\u00d3N A MEISI CLUB<\/strong><br \/>\nEntra en el men\u00fa Suscripciones (Meisi Club) y dale al n\u00famero del pedido, ver\u00e1s que en la siguiente pantalla puedes cancelar.<br \/>\n&nbsp;<\/p>\n<div class=\"woocommerce\"><\/div>[\/vc_column_text][\/vc_column][\/vc_row]<\/p>\n","protected":false},"excerpt":{"rendered":"<p>[vc_row css_animation=&#8221;&#8221; row_type=&#8221;row&#8221; use_row_as_full_screen_section=&#8221;no&#8221; type=&#8221;full_width&#8221; angled_section=&#8221;no&#8221; text_align=&#8221;left&#8221; background_image_as_pattern=&#8221;without_pattern&#8221;][vc_column][vc_column_text] Bienvenida ENTRAR A MEISI CLUB &nbsp; ENTRAR A ESSENTIAL COLLECTION &#8211; EMPRENDER ENTRAR A ESSENTIAL COLLECTION &#8211; DISE\u00d1AR ENTRAR A ESSENTIAL COLLECTION &#8211; AMANTES DEL DISE\u00d1O &nbsp; DESCARGAR FACTURAS Para acceder f\u00e1cilmente cada d\u00eda te recomiendo que&#8230;<\/p>\n","protected":false},"author":1,"featured_media":0,"parent":0,"menu_order":0,"comment_status":"closed","ping_status":"closed","template":"","meta":{"_monsterinsights_skip_tracking":false,"_monsterinsights_sitenote_active":false,"_monsterinsights_sitenote_note":"","_monsterinsights_sitenote_category":0,"footnotes":""},"class_list":["post-9700","page","type-page","status-publish","hentry"],"yoast_head":"<!-- This site is optimized with the Yoast SEO plugin v26.3 - https:\/\/yoast.com\/wordpress\/plugins\/seo\/ -->\n<title>Mi cuenta - Meisi<\/title>\n<meta name=\"robots\" content=\"index, follow, max-snippet:-1, max-image-preview:large, max-video-preview:-1\" \/>\n<link rel=\"canonical\" href=\"https:\/\/meisi.es\/diseno\/mi-cuenta\/\" \/>\n<meta property=\"og:locale\" content=\"es_ES\" \/>\n<meta property=\"og:type\" content=\"article\" \/>\n<meta property=\"og:title\" content=\"Mi cuenta - Meisi\" \/>\n<meta property=\"og:description\" content=\"[vc_row css_animation=&#8221;&#8221; row_type=&#8221;row&#8221; use_row_as_full_screen_section=&#8221;no&#8221; type=&#8221;full_width&#8221; angled_section=&#8221;no&#8221; text_align=&#8221;left&#8221; background_image_as_pattern=&#8221;without_pattern&#8221;][vc_column][vc_column_text] Bienvenida ENTRAR A MEISI CLUB &nbsp; ENTRAR A ESSENTIAL COLLECTION &#8211; EMPRENDER ENTRAR A ESSENTIAL COLLECTION &#8211; DISE\u00d1AR ENTRAR A ESSENTIAL COLLECTION &#8211; AMANTES DEL DISE\u00d1O &nbsp; DESCARGAR FACTURAS Para acceder f\u00e1cilmente cada d\u00eda te recomiendo que...\" \/>\n<meta property=\"og:url\" content=\"https:\/\/meisi.es\/diseno\/mi-cuenta\/\" \/>\n<meta property=\"og:site_name\" content=\"Meisi\" \/>\n<meta property=\"article:modified_time\" content=\"2018-11-21T12:47:36+00:00\" \/>\n<meta name=\"twitter:label1\" content=\"Tiempo de lectura\" \/>\n\t<meta name=\"twitter:data1\" content=\"1 minuto\" \/>\n<script type=\"application\/ld+json\" class=\"yoast-schema-graph\">{\"@context\":\"https:\/\/schema.org\",\"@graph\":[{\"@type\":\"WebPage\",\"@id\":\"https:\/\/meisi.es\/diseno\/mi-cuenta\/\",\"url\":\"https:\/\/meisi.es\/diseno\/mi-cuenta\/\",\"name\":\"Mi cuenta - Meisi\",\"isPartOf\":{\"@id\":\"https:\/\/meisi.es\/diseno\/#website\"},\"datePublished\":\"2017-02-15T19:15:19+00:00\",\"dateModified\":\"2018-11-21T12:47:36+00:00\",\"inLanguage\":\"es\",\"potentialAction\":[{\"@type\":\"ReadAction\",\"target\":[\"https:\/\/meisi.es\/diseno\/mi-cuenta\/\"]}]},{\"@type\":\"WebSite\",\"@id\":\"https:\/\/meisi.es\/diseno\/#website\",\"url\":\"https:\/\/meisi.es\/diseno\/\",\"name\":\"Meisi\",\"description\":\"Recursos de dise\u00f1o para bloggers\",\"potentialAction\":[{\"@type\":\"SearchAction\",\"target\":{\"@type\":\"EntryPoint\",\"urlTemplate\":\"https:\/\/meisi.es\/diseno\/?s={search_term_string}\"},\"query-input\":{\"@type\":\"PropertyValueSpecification\",\"valueRequired\":true,\"valueName\":\"search_term_string\"}}],\"inLanguage\":\"es\"}]}<\/script>\n<!-- \/ Yoast SEO plugin. -->","yoast_head_json":{"title":"Mi cuenta - Meisi","robots":{"index":"index","follow":"follow","max-snippet":"max-snippet:-1","max-image-preview":"max-image-preview:large","max-video-preview":"max-video-preview:-1"},"canonical":"https:\/\/meisi.es\/diseno\/mi-cuenta\/","og_locale":"es_ES","og_type":"article","og_title":"Mi cuenta - Meisi","og_description":"[vc_row css_animation=&#8221;&#8221; row_type=&#8221;row&#8221; use_row_as_full_screen_section=&#8221;no&#8221; type=&#8221;full_width&#8221; angled_section=&#8221;no&#8221; text_align=&#8221;left&#8221; background_image_as_pattern=&#8221;without_pattern&#8221;][vc_column][vc_column_text] Bienvenida ENTRAR A MEISI CLUB &nbsp; ENTRAR A ESSENTIAL COLLECTION &#8211; EMPRENDER ENTRAR A ESSENTIAL COLLECTION &#8211; DISE\u00d1AR ENTRAR A ESSENTIAL COLLECTION &#8211; AMANTES DEL DISE\u00d1O &nbsp; DESCARGAR FACTURAS Para acceder f\u00e1cilmente cada d\u00eda te recomiendo que...","og_url":"https:\/\/meisi.es\/diseno\/mi-cuenta\/","og_site_name":"Meisi","article_modified_time":"2018-11-21T12:47:36+00:00","twitter_misc":{"Tiempo de lectura":"1 minuto"},"schema":{"@context":"https:\/\/schema.org","@graph":[{"@type":"WebPage","@id":"https:\/\/meisi.es\/diseno\/mi-cuenta\/","url":"https:\/\/meisi.es\/diseno\/mi-cuenta\/","name":"Mi cuenta - Meisi","isPartOf":{"@id":"https:\/\/meisi.es\/diseno\/#website"},"datePublished":"2017-02-15T19:15:19+00:00","dateModified":"2018-11-21T12:47:36+00:00","inLanguage":"es","potentialAction":[{"@type":"ReadAction","target":["https:\/\/meisi.es\/diseno\/mi-cuenta\/"]}]},{"@type":"WebSite","@id":"https:\/\/meisi.es\/diseno\/#website","url":"https:\/\/meisi.es\/diseno\/","name":"Meisi","description":"Recursos de dise\u00f1o para bloggers","potentialAction":[{"@type":"SearchAction","target":{"@type":"EntryPoint","urlTemplate":"https:\/\/meisi.es\/diseno\/?s={search_term_string}"},"query-input":{"@type":"PropertyValueSpecification","valueRequired":true,"valueName":"search_term_string"}}],"inLanguage":"es"}]}},"_links":{"self":[{"href":"https:\/\/meisi.es\/diseno\/wp-json\/wp\/v2\/pages\/9700","targetHints":{"allow":["GET"]}}],"collection":[{"href":"https:\/\/meisi.es\/diseno\/wp-json\/wp\/v2\/pages"}],"about":[{"href":"https:\/\/meisi.es\/diseno\/wp-json\/wp\/v2\/types\/page"}],"author":[{"embeddable":true,"href":"https:\/\/meisi.es\/diseno\/wp-json\/wp\/v2\/users\/1"}],"replies":[{"embeddable":true,"href":"https:\/\/meisi.es\/diseno\/wp-json\/wp\/v2\/comments?post=9700"}],"version-history":[{"count":10,"href":"https:\/\/meisi.es\/diseno\/wp-json\/wp\/v2\/pages\/9700\/revisions"}],"predecessor-version":[{"id":22848,"href":"https:\/\/meisi.es\/diseno\/wp-json\/wp\/v2\/pages\/9700\/revisions\/22848"}],"wp:attachment":[{"href":"https:\/\/meisi.es\/diseno\/wp-json\/wp\/v2\/media?parent=9700"}],"curies":[{"name":"wp","href":"https:\/\/api.w.org\/{rel}","templated":true}]}}